{"id":219,"date":"2019-06-14T13:14:39","date_gmt":"2019-06-14T13:14:39","guid":{"rendered":"https:\/\/semltda.cl\/v1\/?page_id=219"},"modified":"2022-09-07T19:51:49","modified_gmt":"2022-09-07T19:51:49","slug":"galeria","status":"publish","type":"page","link":"https:\/\/andamiossem.com\/v1\/galeria\/","title":{"rendered":"Galer\u00eda"},"content":{"rendered":"<div id=\"themify_builder_content-219\" data-postid=\"219\" class=\"themify_builder_content themify_builder_content-219 themify_builder\">\n\n    \n\t\t<!-- module_row -->\n\t\t<div  class=\"themify_builder_row module_row clearfix repeat fullwidth module_row_0 themify_builder_219_row module_row_219-0\" data-id=\"dffe886\">\n\t\t\t\t\t\t<div class=\"row_inner col_align_top gutter-none\"   data-basecol=\"1\" data-col_tablet=\"tablet-full\" data-col_mobile=\"mobile-full\">\n                                    <div  class=\"module_column tb-column col-full first tb_219_column module_column_0 module_column_219-0-0 repeat\" data-id=\"98f9bdb\" >\n                                                                <div class=\"tb-column-inner\">\n                                    <div  class=\"themify_builder_sub_row module_subrow clearfix repeat repeat sub_row_0-0-0\" data-id=\"5e7df3f\" >\n\t\t                    <div class=\"subrow_inner col_align_top\" >\n                                       <div style=\"width:38%;\" class=\"col3-1 sub_column module_column first sub_column_post_219 sub_column_0-0-0-0 repeat\" > \n                                                              <div class=\"tb-column-inner\">\n                            \n\n    <!-- module icon -->\n    <div id=\"icon-219-sub_row_0-0-0-0-0\" class=\"module icon-219-sub_row_0-0-0-0-0  \">\n        <!--insert-->\n        \n        <div class=\"module-icon small none icon_horizontal icon_position_left\">\n                            <div class=\"module-icon-item\">\n                                                                        <i class=\"fa fa-phone ui \"><\/i>\n                                                                            <span>+569 90633913<\/span>\n                                                                <\/div>\n                            <div class=\"module-icon-item\">\n                                            <a href=\"https:\/\/andamiossem.com\/v1\/contacto\/\">\n                                                                            <i class=\"fa fa-envelope ui \"><\/i>\n                                                                            <span>contacto@andamiossem.com<\/span>\n                                                                        <\/a>\n                                    <\/div>\n                    <\/div>\n    <\/div>\n    <!-- \/module icon -->\n\n                        <\/div>\n                                   <\/div>\n\t\t               <div style=\"width:24.4%;\" class=\"col3-1 sub_column module_column middle sub_column_post_219 sub_column_0-0-0-1\"> \n                                                              <div class=\"tb-column-inner\">\n                            \n\n<!-- module text -->\n<div  id=\"text-219-sub_row_0-0-0-1-0\" class=\"module module-text text-219-sub_row_0-0-0-1-0  repeat  \" data-id=\"9917eec\">\n    <!--insert-->\n    \n        <p>Huasco &#8211; III Regi\u00f3n Atacama &#8211; Chile<\/p>        <\/div>\n<!-- \/module text -->\n\n                        <\/div>\n                                   <\/div>\n\t\t               <div  class=\"col3-1 sub_column module_column last sub_column_post_219 sub_column_0-0-0-2\"> \n                                                              <div class=\"tb-column-inner\">\n                            \n\n    <!-- module icon -->\n    <div id=\"icon-219-sub_row_0-0-0-2-0\" class=\"module icon-219-sub_row_0-0-0-2-0  \">\n        <!--insert-->\n        \n        <div class=\"module-icon small none icon_horizontal icon_position_left\">\n                            <div class=\"module-icon-item\">\n                                            <a href=\"https:\/\/themify.me\/\">\n                                                                            <i class=\"fa fa-unlock-alt ui \"><\/i>\n                                                                            <span>Log In<\/span>\n                                                                        <\/a>\n                                    <\/div>\n                            <div class=\"module-icon-item\">\n                                            <a href=\"https:\/\/themify.me\/\">\n                                                                            <i class=\"fa fa-user ui \"><\/i>\n                                                                            <span>Sign Up<\/span>\n                                                                        <\/a>\n                                    <\/div>\n                    <\/div>\n    <\/div>\n    <!-- \/module icon -->\n\n                        <\/div>\n                                   <\/div>\n\t\t                    <\/div>\n                <\/div><!-- \/themify_builder_sub_row -->\n                        <div  class=\"themify_builder_sub_row module_subrow clearfix repeat repeat sub_row_0-0-1\" data-id=\"4d4c8d7\" >\n\t\t                    <div class=\"subrow_inner col_align_top\" >\n                                       <div  class=\"col3-1 sub_column module_column first sub_column_post_219 sub_column_0-0-1-0 repeat\" > \n                                                              <div class=\"tb-column-inner\">\n                            \n\n    <!-- module image -->\n    <div  id=\"image-219-sub_row_0-0-1-0-0\" class=\"module module-image image-219-sub_row_0-0-1-0-0  image-top  \" data-id=\"5bb8e48\">\n        <!--insert-->\n        \n        <div class=\"image-wrap\">\n                            <img src=\"https:\/\/andamiossem.com\/v1\/wp-content\/uploads\/2020\/01\/LOGO-SEM-26-12-19-3.0-150x114.png\" width=\"150\" class=\" wp-post-image wp-image-355\" alt=\"LOGO SEM 26 12 19 3.0\" srcset=\"https:\/\/andamiossem.com\/v1\/wp-content\/uploads\/2020\/01\/LOGO-SEM-26-12-19-3.0-150x114.png 150w, https:\/\/andamiossem.com\/v1\/wp-content\/uploads\/2020\/01\/LOGO-SEM-26-12-19-3.0-300x229.png 300w, https:\/\/andamiossem.com\/v1\/wp-content\/uploads\/2020\/01\/LOGO-SEM-26-12-19-3.0-200x152.png 200w, https:\/\/andamiossem.com\/v1\/wp-content\/uploads\/2020\/01\/LOGO-SEM-26-12-19-3.0.png 646w\" sizes=\"(max-width: 150px) 100vw, 150px\" \/>            \n                        <\/div>\n            <!-- \/image-wrap -->\n        \n        \n            <\/div>\n    <!-- \/module image -->\n\n                        <\/div>\n                                   <\/div>\n\t\t               <div  class=\"col3-2 sub_column module_column last sub_column_post_219 sub_column_0-0-1-1\"> \n                                                              <div class=\"tb-column-inner\">\n                            \n\n\n    <!-- module menu -->\n    <div  id=\"menu-219-sub_row_0-0-1-1-0\" class=\"module module-menu menu-219-sub_row_0-0-1-1-0  \" data-menu-breakpoint=\"500\" data-menu-direction=\"right\" data-id=\"4176560\">\n        <!--insert-->\n        \n        <div class=\"menu-top-container\"><ul id=\"menu-top\" class=\"ui nav fullwidth transparent \"><li id=\"menu-item-36\" class=\"menu-item menu-item-type-post_type menu-item-object-page menu-item-home menu-item-36\"><a href=\"https:\/\/andamiossem.com\/v1\/\">Inicio<\/a><\/li>\n<li id=\"menu-item-35\" class=\"menu-item menu-item-type-post_type menu-item-object-page menu-item-35\"><a href=\"https:\/\/andamiossem.com\/v1\/empresa\/\">Empresa<\/a><\/li>\n<li id=\"menu-item-34\" class=\"menu-item menu-item-type-post_type menu-item-object-page menu-item-34\"><a href=\"https:\/\/andamiossem.com\/v1\/servicios\/\">Servicios<\/a><\/li>\n<li id=\"menu-item-32\" class=\"menu-item menu-item-type-post_type menu-item-object-page menu-item-32\"><a href=\"https:\/\/andamiossem.com\/v1\/clientes\/\">Clientes<\/a><\/li>\n<li id=\"menu-item-653\" class=\"menu-item menu-item-type-post_type menu-item-object-page menu-item-653\"><a href=\"https:\/\/andamiossem.com\/v1\/noticias\/\">Noticias<\/a><\/li>\n<li id=\"menu-item-222\" class=\"menu-item menu-item-type-post_type menu-item-object-page menu-item-222\"><a href=\"https:\/\/andamiossem.com\/v1\/galeria\/\">Galer\u00eda<\/a><\/li>\n<li id=\"menu-item-45\" class=\"menu-item menu-item-type-post_type menu-item-object-page menu-item-45\"><a href=\"https:\/\/andamiossem.com\/v1\/contacto\/\">Contacto<\/a><\/li>\n<\/ul><\/div>    <\/div>\n    <!-- \/module menu -->\n\n                        <\/div>\n                                   <\/div>\n\t\t                    <\/div>\n                <\/div><!-- \/themify_builder_sub_row -->\n                                        <\/div>\n                    \t\t<\/div>\n\t\t                                <\/div>\n                                <!-- \/row_inner -->\n                        <\/div>\n                        <!-- \/module_row -->\n\t\t\n\t\t<!-- module_row -->\n\t\t<div  class=\"themify_builder_row module_row clearfix repeat fullwidth module_row_1 themify_builder_219_row module_row_219-1\" data-id=\"723d8e7\">\n\t\t\t\t\t\t<div class=\"row_inner col_align_top\" >\n                                    <div  class=\"module_column tb-column col-full first tb_219_column module_column_0 module_column_219-1-0 fullcover\" data-id=\"0541507\" >\n                                                                <div class=\"tb-column-inner\">\n                            \n\n<!-- module text -->\n<div  id=\"text-219-1-0-0\" class=\"module module-text text-219-1-0-0  repeat  \" data-id=\"5c4b575\">\n    <!--insert-->\n    \n        <p>GALERIA DE IMAGENES<\/p>        <\/div>\n<!-- \/module text -->\n\n                        <\/div>\n                    \t\t<\/div>\n\t\t                                <\/div>\n                                <!-- \/row_inner -->\n                        <\/div>\n                        <!-- \/module_row -->\n\t\t\n\t\t<!-- module_row -->\n\t\t<div  class=\"themify_builder_row module_row clearfix repeat fullwidth module_row_2 themify_builder_219_row module_row_219-2\" data-id=\"d24d98e\">\n\t\t\t\t\t\t<div class=\"row_inner col_align_top gutter-none\"   data-basecol=\"1\" data-col_tablet=\"tablet-full\" data-col_mobile=\"mobile-full\">\n                                    <div  class=\"module_column tb-column col-full first tb_219_column module_column_0 module_column_219-2-0\" data-id=\"e071567\" >\n                                                                <div class=\"tb-column-inner\">\n                            \n\n<!-- module text -->\n<div  id=\"text-219-2-0-0\" class=\"module module-text text-219-2-0-0  repeat  \" data-id=\"c2984bf\">\n    <!--insert-->\n    \n        <p>Algunas im\u00e1genes de nuestros servicios realizados..<\/p>        <\/div>\n<!-- \/module text -->\n\n                        <\/div>\n                    \t\t<\/div>\n\t\t                                <\/div>\n                                <!-- \/row_inner -->\n                        <\/div>\n                        <!-- \/module_row -->\n\t\t\n\t\t<!-- module_row -->\n\t\t<div  class=\"themify_builder_row module_row clearfix repeat fullwidth module_row_3 themify_builder_219_row module_row_219-3\" data-id=\"9907d8a\">\n\t\t\t\t\t\t<div class=\"row_inner col_align_bottom gutter-none\" >\n                                    <div  class=\"module_column tb-column col3-1 first tb_219_column module_column_0 module_column_219-3-0 fullcover\" data-id=\"965b2a0\" >\n                    <div class=\"builder_row_cover \"><\/div>                    \t\t<\/div>\n\t\t        <div  class=\"module_column tb-column col3-1 middle tb_219_column module_column_1 module_column_219-3-1 fullcover\" data-id=\"5947438\" >\n                    <div class=\"builder_row_cover \"><\/div>                    \t\t<\/div>\n\t\t        <div  class=\"module_column tb-column col3-1 last tb_219_column module_column_2 module_column_219-3-2 fullcover\" data-id=\"6ef9e8a\" >\n                    <div class=\"builder_row_cover \"><\/div>                    \t\t<\/div>\n\t\t                                <\/div>\n                                <!-- \/row_inner -->\n                        <\/div>\n                        <!-- \/module_row -->\n\t\t\n\t\t<!-- module_row -->\n\t\t<div  class=\"themify_builder_row module_row clearfix repeat fullwidth module_row_4 themify_builder_219_row module_row_219-4\" data-id=\"9907d8a\">\n\t\t\t\t\t\t<div class=\"row_inner col_align_bottom gutter-none\" >\n                                    <div  class=\"module_column tb-column col3-1 first tb_219_column module_column_0 module_column_219-4-0 fullcover\" data-id=\"965b2a0\" >\n                    <div class=\"builder_row_cover \"><\/div>                    \t\t<\/div>\n\t\t        <div  class=\"module_column tb-column col3-1 middle tb_219_column module_column_1 module_column_219-4-1 fullcover\" data-id=\"5947438\" >\n                    <div class=\"builder_row_cover \"><\/div>                    \t\t<\/div>\n\t\t        <div  class=\"module_column tb-column col3-1 last tb_219_column module_column_2 module_column_219-4-2 fullcover\" data-id=\"6ef9e8a\" >\n                    <div class=\"builder_row_cover \"><\/div>                    \t\t<\/div>\n\t\t                                <\/div>\n                                <!-- \/row_inner -->\n                        <\/div>\n                        <!-- \/module_row -->\n\t\t\n\t\t<!-- module_row -->\n\t\t<div  class=\"themify_builder_row module_row clearfix repeat fullwidth module_row_5 themify_builder_219_row module_row_219-5\" data-id=\"9907d8a\">\n\t\t\t\t\t\t<div class=\"row_inner col_align_bottom gutter-none\" >\n                                    <div  class=\"module_column tb-column col3-1 first tb_219_column module_column_0 module_column_219-5-0 fullcover\" data-id=\"965b2a0\" >\n                    <div class=\"builder_row_cover \"><\/div>                    \t\t<\/div>\n\t\t        <div  class=\"module_column tb-column col3-1 middle tb_219_column module_column_1 module_column_219-5-1 fullcover\" data-id=\"5947438\" >\n                    <div class=\"builder_row_cover \"><\/div>                    \t\t<\/div>\n\t\t        <div  class=\"module_column tb-column col3-1 last tb_219_column module_column_2 module_column_219-5-2 fullcover\" data-id=\"6ef9e8a\" >\n                    <div class=\"builder_row_cover \"><\/div>                    \t\t<\/div>\n\t\t                                <\/div>\n                                <!-- \/row_inner -->\n                        <\/div>\n                        <!-- \/module_row -->\n\t\t\n\t\t<!-- module_row -->\n\t\t<div  class=\"themify_builder_row module_row clearfix repeat fullwidth module_row_6 themify_builder_219_row module_row_219-6\" data-id=\"9907d8a\">\n\t\t\t\t\t\t<div class=\"row_inner col_align_bottom gutter-none\" >\n                                    <div  class=\"module_column tb-column col3-1 first tb_219_column module_column_0 module_column_219-6-0 fullcover\" data-id=\"965b2a0\" >\n                    <div class=\"builder_row_cover \"><\/div>                    \t\t<\/div>\n\t\t        <div  class=\"module_column tb-column col3-1 middle tb_219_column module_column_1 module_column_219-6-1 fullcover\" data-id=\"5947438\" >\n                    <div class=\"builder_row_cover \"><\/div>                    \t\t<\/div>\n\t\t        <div  class=\"module_column tb-column col3-1 last tb_219_column module_column_2 module_column_219-6-2 fullcover\" data-id=\"6ef9e8a\" >\n                    <div class=\"builder_row_cover \"><\/div>                    \t\t<\/div>\n\t\t                                <\/div>\n                                <!-- \/row_inner -->\n                        <\/div>\n                        <!-- \/module_row -->\n\t\t<\/div>\n","protected":false},"excerpt":{"rendered":"<p>+569 90633913 contacto@andamiossem.com Huasco &#8211; III Regi\u00f3n Atacama &#8211; Chile Log In Sign Up Inicio Empresa Servicios Clientes Galer\u00eda Contacto GALERIA DE IMAGENES Algunas im\u00e1genes de nuestros servicios realizados..<\/p>\n","protected":false},"author":1,"featured_media":0,"parent":0,"menu_order":0,"comment_status":"closed","ping_status":"closed","template":"","meta":[],"yst_prominent_words":[5],"builder_content":"+569 90633913 <a href=\"https:\/\/andamiossem.com\/v1\/contacto\/\"> contacto@andamiossem.com <\/a> \n <p>Huasco - III Regi\u00f3n Atacama - Chile<\/p> \n <a href=\"https:\/\/themify.me\/\"> Log In <\/a> <a href=\"https:\/\/themify.me\/\"> Sign Up <\/a> \n <img src=\"https:\/\/andamiossem.com\/v1\/wp-content\/uploads\/2020\/01\/LOGO-SEM-26-12-19-3.0-150x114.png\" width=\"150\" alt=\"LOGO SEM 26 12 19 3.0\" srcset=\"https:\/\/andamiossem.com\/v1\/wp-content\/uploads\/2020\/01\/LOGO-SEM-26-12-19-3.0-150x114.png 150w, https:\/\/andamiossem.com\/v1\/wp-content\/uploads\/2020\/01\/LOGO-SEM-26-12-19-3.0-300x229.png 300w, https:\/\/andamiossem.com\/v1\/wp-content\/uploads\/2020\/01\/LOGO-SEM-26-12-19-3.0-200x152.png 200w, https:\/\/andamiossem.com\/v1\/wp-content\/uploads\/2020\/01\/LOGO-SEM-26-12-19-3.0.png 646w\" sizes=\"(max-width: 150px) 100vw, 150px\" \/> \n <ul id=\"menu-top-1\"><li><a href=\"https:\/\/andamiossem.com\/v1\/\">Inicio<\/a><\/li> <li><a href=\"https:\/\/andamiossem.com\/v1\/empresa\/\">Empresa<\/a><\/li> <li><a href=\"https:\/\/andamiossem.com\/v1\/servicios\/\">Servicios<\/a><\/li> <li><a href=\"https:\/\/andamiossem.com\/v1\/clientes\/\">Clientes<\/a><\/li> <li><a href=\"https:\/\/andamiossem.com\/v1\/noticias\/\">Noticias<\/a><\/li> <li><a href=\"https:\/\/andamiossem.com\/v1\/galeria\/\">Galer\u00eda<\/a><\/li> <li><a href=\"https:\/\/andamiossem.com\/v1\/contacto\/\">Contacto<\/a><\/li> <\/ul> \n <p>GALERIA DE IMAGENES<\/p> \n <p>Algunas im\u00e1genes de nuestros servicios realizados..<\/p>","_links":{"self":[{"href":"https:\/\/andamiossem.com\/v1\/wp-json\/wp\/v2\/pages\/219"}],"collection":[{"href":"https:\/\/andamiossem.com\/v1\/wp-json\/wp\/v2\/pages"}],"about":[{"href":"https:\/\/andamiossem.com\/v1\/wp-json\/wp\/v2\/types\/page"}],"author":[{"embeddable":true,"href":"https:\/\/andamiossem.com\/v1\/wp-json\/wp\/v2\/users\/1"}],"replies":[{"embeddable":true,"href":"https:\/\/andamiossem.com\/v1\/wp-json\/wp\/v2\/comments?post=219"}],"version-history":[{"count":45,"href":"https:\/\/andamiossem.com\/v1\/wp-json\/wp\/v2\/pages\/219\/revisions"}],"predecessor-version":[{"id":644,"href":"https:\/\/andamiossem.com\/v1\/wp-json\/wp\/v2\/pages\/219\/revisions\/644"}],"wp:attachment":[{"href":"https:\/\/andamiossem.com\/v1\/wp-json\/wp\/v2\/media?parent=219"}],"wp:term":[{"taxonomy":"yst_prominent_words","embeddable":true,"href":"https:\/\/andamiossem.com\/v1\/wp-json\/wp\/v2\/yst_prominent_words?post=219"}],"curies":[{"name":"wp","href":"https:\/\/api.w.org\/{rel}","templated":true}]}}